{"id":15,"date":"2021-10-16T10:30:00","date_gmt":"2021-10-16T08:30:00","guid":{"rendered":"http:\/\/szkolydobregoklimatu.kozienice.pl\/?page_id=15"},"modified":"2021-10-19T09:33:28","modified_gmt":"2021-10-19T07:33:28","slug":"informacje","status":"publish","type":"page","link":"https:\/\/szkolydobregoklimatu.kozienice.pl\/?page_id=15","title":{"rendered":"O programie"},"content":{"rendered":"\n<p><a href=\"https:\/\/www.gov.pl\/web\/nfosigw\/lagodzenie-zmian-klimatu-i-adaptacja-do-ich-skutkow-prowadzenie-przez-szkoly-dzialan-podnoszacych-swiadomosc\" target=\"_blank\" rel=\"noreferrer noopener\">Og\u0142oszenie o naborze wniosk\u00f3w &#8211; \u0141agodzenie zmian klimatu i adaptacja do ich skutk\u00f3w. Prowadzenie przez szko\u0142y dzia\u0142a\u0144 podnosz\u0105cych \u015bwiadomo\u015b\u0107.<\/a><\/p>\n\n\n\n<hr class=\"wp-block-separator\"\/>\n\n\n\n<figure class=\"wp-block-image size-large\"><img loading=\"lazy\" decoding=\"async\" width=\"1024\" height=\"432\" src=\"https:\/\/szkolydobregoklimatu.kozienice.pl\/wp-content\/uploads\/2021\/10\/1460x616-1024x432.png\" alt=\"\" class=\"wp-image-118\" srcset=\"https:\/\/szkolydobregoklimatu.kozienice.pl\/wp-content\/uploads\/2021\/10\/1460x616-1024x432.png 1024w, https:\/\/szkolydobregoklimatu.kozienice.pl\/wp-content\/uploads\/2021\/10\/1460x616-300x127.png 300w, https:\/\/szkolydobregoklimatu.kozienice.pl\/wp-content\/uploads\/2021\/10\/1460x616-768x324.png 768w, https:\/\/szkolydobregoklimatu.kozienice.pl\/wp-content\/uploads\/2021\/10\/1460x616.png 1460w\" sizes=\"auto, (max-width: 1024px) 100vw, 1024px\" \/><figcaption><a href=\"https:\/\/www.gov.pl\/web\/klimat\/wybor-projektow-do-dofinansowania-w-obszarze-zmiany-klimatu-programu-srodowisko-energia-i-zmiany-klimatu-zakonczony\" target=\"_blank\" rel=\"noreferrer noopener\">Wyb\u00f3r projekt\u00f3w do dofinansowania w obszarze Zmiany Klimatu Programu \u015arodowisko Energia i Zmiany Klimatu zako\u0144czony!<\/a><\/figcaption><\/figure>\n","protected":false},"excerpt":{"rendered":"<p>Og\u0142oszenie o naborze wniosk\u00f3w &#8211; \u0141agodzenie zmian klimatu i adaptacja do ich skutk\u00f3w. Prowadzenie przez szko\u0142y dzia\u0142a\u0144 podnosz\u0105cych \u015bwiadomo\u015b\u0107.<\/p>\n","protected":false},"author":1,"featured_media":0,"parent":0,"menu_order":0,"comment_status":"closed","ping_status":"closed","template":"","meta":{"footnotes":""},"class_list":["post-15","page","type-page","status-publish","hentry"],"_links":{"self":[{"href":"https:\/\/szkolydobregoklimatu.kozienice.pl\/index.php?rest_route=\/wp\/v2\/pages\/15","targetHints":{"allow":["GET"]}}],"collection":[{"href":"https:\/\/szkolydobregoklimatu.kozienice.pl\/index.php?rest_route=\/wp\/v2\/pages"}],"about":[{"href":"https:\/\/szkolydobregoklimatu.kozienice.pl\/index.php?rest_route=\/wp\/v2\/types\/page"}],"author":[{"embeddable":true,"href":"https:\/\/szkolydobregoklimatu.kozienice.pl\/index.php?rest_route=\/wp\/v2\/users\/1"}],"replies":[{"embeddable":true,"href":"https:\/\/szkolydobregoklimatu.kozienice.pl\/index.php?rest_route=%2Fwp%2Fv2%2Fcomments&post=15"}],"version-history":[{"count":7,"href":"https:\/\/szkolydobregoklimatu.kozienice.pl\/index.php?rest_route=\/wp\/v2\/pages\/15\/revisions"}],"predecessor-version":[{"id":121,"href":"https:\/\/szkolydobregoklimatu.kozienice.pl\/index.php?rest_route=\/wp\/v2\/pages\/15\/revisions\/121"}],"wp:attachment":[{"href":"https:\/\/szkolydobregoklimatu.kozienice.pl\/index.php?rest_route=%2Fwp%2Fv2%2Fmedia&parent=15"}],"curies":[{"name":"wp","href":"https:\/\/api.w.org\/{rel}","templated":true}]}}