{"id":12,"date":"2021-10-16T10:30:06","date_gmt":"2021-10-16T08:30:06","guid":{"rendered":"http:\/\/szkolydobregoklimatu.kozienice.pl\/?page_id=12"},"modified":"2021-10-18T12:32:45","modified_gmt":"2021-10-18T10:32:45","slug":"opis-projektu","status":"publish","type":"page","link":"https:\/\/szkolydobregoklimatu.kozienice.pl\/?page_id=12","title":{"rendered":"Opis projektu"},"content":{"rendered":"\n<p class=\"has-text-align-left\"><strong>Projekt p.t. \u201eSzko\u0142y dobrego klimatu \u2013 budowa edukacyjnych stref zielonych w PSP nr 1 i PSP nr 4 w Kozienicach na rzecz \u0142agodzenia klimatu i adaptacji do ich skutk\u00f3w\u201d.<\/strong><\/p>\n\n\n\n<p>Projekt polega na wdro\u017ceniu przez szko\u0142y dzia\u0142a\u0144 podnosz\u0105cych \u015bwiadomo\u015b\u0107 w kwestii ograniczania zmian klimatu i adaptacji do ich skutk\u00f3w. W sk\u0142ad projektu wchodzi obszar Projekt polega na wdro\u017ceniu przez szko\u0142y dzia\u0142a\u0144 podnosz\u0105cych \u015bwiadomo\u015b\u0107 w kwestii ograniczania zmian klimatu&nbsp;i adaptacji do ich skutk\u00f3w. W sk\u0142ad projektu wchodzi obszar wok\u00f3\u0142 Publicznej Szko\u0142y Podstawowej nr 1 przy ul. Ko\u015bciuszki 1 i nr 4 przy ul. Nowy \u015awiat 24 w Kozienicach.<\/p>\n\n\n\n<p>Realizacja projektu przyczyni si\u0119 do zrealizowania 5 r\u00f3\u017cnych dzia\u0142a\u0144 adaptacyjnych i mitygacyjnych: <\/p>\n\n\n\n<ul class=\"wp-block-list\"><li>wprowadzenie ma\u0142ej retencji wodnej i zagospodarowaniem w\u00f3d opadowych <\/li><li>budowa nawierzchni przepuszczalnych i naziemnych na wod\u0119 opadow\u0105; <\/li><li>zak\u0142adanie zielonych \u015bcian; &#8211; tworzenie teren\u00f3w zielonych, wprowadzanie element\u00f3w zazieleniaj\u0105cych &#8211; nasadzenia odpowiednich nieinwazyjnych ro\u015blin pod wzgl\u0119dem wymaga\u0144 wodnych i miejsc nasadze\u0144, sadzenie drzew owocowych;<\/li><li>budowanie powierzchni ekoedukacyjnych <\/li><li>\u015bcie\u017cki edukacyjne, \u015bcie\u017cki korekcyjne\/sensoryczne, ogr\u00f3dki dydaktyczne; <\/li><li>wspieranie bior\u00f3\u017cnorodno\u015bci <\/li><li>tworzenie eko-ogrodk\u00f3w, budowanie domk\u00f3w dla zwierz\u0105t. <\/li><\/ul>\n\n\n\n<p>W ramach projektu b\u0119d\u0105 prowadzone dzia\u0142ania edukacyjno-informacyjne powi\u0105zane tematycznie z w\/w dzia\u0142aniami, kt\u00f3re dok\u0142adnie zosta\u0142y opisane w planie komunikacji dot. \u0142agodzenia zmian klimatu i adaptacji do ich skutk\u00f3w:<\/p>\n\n\n\n<ul class=\"wp-block-list\"><li>kampania w mediach tradycyjnych i Internecie;<\/li><li>aktywizacja spo\u0142eczno\u015bci szkolnej i lokalnej poprzez bezpo\u015brednie zaanga\u017cowanie w dzia\u0142ania;<\/li><li>wsparcie i profesjonalizacja nauczycieli; zakup, opracowanie i wydanie pomocy dydaktycznych.<\/li><\/ul>\n\n\n\n<p>W zakresie rzeczowym projektu uwzgl\u0119dniono dzia\u0142ania z zakresu adaptacji oraz dzia\u0142ania mitygacyjne oraz zawarto komponent edukacyjny i wskazano ich wzajemne powi\u0105zanie. W ramach realizacji projektu zostanie wdro\u017cona kampania edukacyjna w zakresie zmian klimatu oraz zastosowanych w projekcie dzia\u0142a\u0144 adaptacyjnych i mitygacyjnych, kt\u00f3ra swoim zasi\u0119giem obejmie 30 tys. os\u00f3b.<\/p>\n\n\n\n<p>Kampania podnosz\u0105ca \u015bwiadomo\u015b\u0107 spo\u0142ecze\u0144stwa realizowana w projekcie, ma zaprojektowane kompleksowe dzia\u0142ania, kt\u00f3re zapewniaj\u0105 skuteczne dotarcie do wskazanej przez wnioskodawc\u0119 grupy docelowej<a>.<\/a><\/p>\n\n\n\n<p>Celem jest podniesienie \u015bwiadomo\u015bci spo\u0142ecznej w zakresie \u0142agodzenia zmian klimatu i adaptacji do ich skutk\u00f3w, tj. pog\u0142\u0119bienie wiedzy uczni\u00f3w nt. problem\u00f3w ze zmianami klimatu oraz ich \u0142agodzenia przez realizacj\u0119 dzia\u0142a\u0144 adaptacyjnych i mitygacyjnych, w kt\u00f3rych uczniowie wezm\u0105 czynny udzia\u0142.<\/p>\n\n\n\n<p>Problemy: wzrost \u015bredniej rocznej temperatury, zmiana struktury opad\u00f3w atmosferycznych, wzrost liczby zjawisk ekstremalnych oraz susze sprzyjaj\u0105ce deficytowi wody, anomalie pogodowe takie jak: powodzie, podtopienia, gwa\u0142towne burze, wyspy ciep\u0142a, smog, inwersje termiczne, zaburzenia cyrkulacji powietrza, niska \u015bwiadomo\u015b\u0107 ekologiczna mieszka\u0144c\u00f3w i uczni\u00f3w. Obszar obj\u0119ty projektem wymaga rewitalizacji. Efektem jest podniesienie \u015bwiadomo\u015bci spo\u0142ecznej w zakresie \u0142agodzenia zmian klimatu i adaptacji do ich skutk\u00f3w, tj. pog\u0142\u0119bienie wiedzy uczni\u00f3w nt. problem\u00f3w ze zmianami klimatu oraz ich \u0142agodzenia przez realizacj\u0119 dzia\u0142a\u0144 adaptacyjnych i mitygacyjnych, w kt\u00f3rych uczniowie wezm\u0105 czynny udzia\u0142.<\/p>\n","protected":false},"excerpt":{"rendered":"<p>Projekt p.t. \u201eSzko\u0142y dobrego klimatu \u2013 budowa edukacyjnych stref zielonych w PSP nr 1 i PSP nr 4 w Kozienicach na rzecz \u0142agodzenia klimatu i adaptacji do ich skutk\u00f3w\u201d. Projekt polega na wdro\u017ceniu przez szko\u0142y dzia\u0142a\u0144 podnosz\u0105cych \u015bwiadomo\u015b\u0107 w kwestii ograniczania zmian klimatu i adaptacji do ich skutk\u00f3w. W sk\u0142ad projektu wchodzi obszar Projekt polega [&hellip;]<\/p>\n","protected":false},"author":1,"featured_media":0,"parent":0,"menu_order":0,"comment_status":"closed","ping_status":"closed","template":"","meta":{"footnotes":""},"class_list":["post-12","page","type-page","status-publish","hentry"],"_links":{"self":[{"href":"https:\/\/szkolydobregoklimatu.kozienice.pl\/index.php?rest_route=\/wp\/v2\/pages\/12","targetHints":{"allow":["GET"]}}],"collection":[{"href":"https:\/\/szkolydobregoklimatu.kozienice.pl\/index.php?rest_route=\/wp\/v2\/pages"}],"about":[{"href":"https:\/\/szkolydobregoklimatu.kozienice.pl\/index.php?rest_route=\/wp\/v2\/types\/page"}],"author":[{"embeddable":true,"href":"https:\/\/szkolydobregoklimatu.kozienice.pl\/index.php?rest_route=\/wp\/v2\/users\/1"}],"replies":[{"embeddable":true,"href":"https:\/\/szkolydobregoklimatu.kozienice.pl\/index.php?rest_route=%2Fwp%2Fv2%2Fcomments&post=12"}],"version-history":[{"count":5,"href":"https:\/\/szkolydobregoklimatu.kozienice.pl\/index.php?rest_route=\/wp\/v2\/pages\/12\/revisions"}],"predecessor-version":[{"id":107,"href":"https:\/\/szkolydobregoklimatu.kozienice.pl\/index.php?rest_route=\/wp\/v2\/pages\/12\/revisions\/107"}],"wp:attachment":[{"href":"https:\/\/szkolydobregoklimatu.kozienice.pl\/index.php?rest_route=%2Fwp%2Fv2%2Fmedia&parent=12"}],"curies":[{"name":"wp","href":"https:\/\/api.w.org\/{rel}","templated":true}]}}